{"id":3,"date":"2023-11-16T20:09:30","date_gmt":"2023-11-16T20:09:30","guid":{"rendered":"https:\/\/fullorden.com\/?page_id=3"},"modified":"2023-11-22T21:33:00","modified_gmt":"2023-11-22T21:33:00","slug":"aviso-de-privacidad","status":"publish","type":"page","link":"https:\/\/fullorden.com\/index.php\/aviso-de-privacidad\/","title":{"rendered":"Aviso de privacidad"},"content":{"rendered":"\t\t<div data-elementor-type=\"wp-page\" data-elementor-id=\"3\" class=\"elementor elementor-3\">\n\t\t\t\t<div class=\"elementor-element elementor-element-2a817dbd e-flex e-con-boxed e-con e-parent\" data-id=\"2a817dbd\" data-element_type=\"container\" data-e-type=\"container\">\n\t\t\t\t\t<div class=\"e-con-inner\">\n\t\t\t\t<div class=\"elementor-element elementor-element-227b0fa elementor-widget elementor-widget-text-editor\" data-id=\"227b0fa\" data-element_type=\"widget\" data-e-type=\"widget\" data-widget_type=\"text-editor.default\">\n\t\t\t\t<div class=\"elementor-widget-container\">\n\t\t\t\t\t\t\t\t\t\n<p>Este documento presente, sirve como un Aviso de Privacidad para la Ley Federal de Protecci\u00f3n de Datos Personales en Posesi\u00f3n de los Particulares (LFPDPPP) y otras disposiciones emanadas o relacionadas a ella. Este Aviso de Privacidad aplica sobre la informaci\u00f3n personal recopilada por la directriz de FULL ORDEN, y su rol como Entidad Responsable.<\/p>\n\n\n\n<h2 class=\"wp-block-heading\">Confiable para la protecci\u00f3n de su informaci\u00f3n personal<\/h2>\n\n\n\n<p>A trav\u00e9s de su sitio www.fullorden.com , FULL ORDEN, localizados en Prolongaci\u00f3n Aldama 188 No. MZ 1 No. Int 48, Ciudad de M\u00e9xico, M\u00e9xico. Es una entidad responsable con su informaci\u00f3n personal, para el uso de \u00e9sta y su protecci\u00f3n.<\/p>\n\n\n\n<h2 class=\"wp-block-heading\">\u00bfCon qu\u00e9 finalidad requerimos del uso de su informaci\u00f3n personal?<\/h2>\n\n\n\n<p>Su informaci\u00f3n personal se utilizar\u00e1 para proveer los servicios solicitados, para informarle sobre los cambios y nuevos servicios relacionados a su solicitud original, informarle sobre los productos y servicios proporcionados por nuestros clientes afiliados al portal, informarle sobre los cambios, nuevos productos y servicios ofrecidos en nuestro portal y sus portales afiliados.<\/p>\n\n\n\n<h2 class=\"wp-block-heading\">\u00bfQu\u00e9 informaci\u00f3n personal recogemos y de d\u00f3nde la obtenemos?<\/h2>\n\n\n\n<p>Aparte de los prop\u00f3sitos mencionados anteriormente, solicitamos la siguiente informaci\u00f3n personal, la cual es recogida cuando usted visita nuestro portal o cuando utiliza nuestros serviciosen l\u00ednea:<\/p>\n\n\n\n<p><strong>FULL ORDEN, con direcci\u00f3n en Prolongaci\u00f3n Aldama 188 No. MZ 1 No. Int 48, Ciudad de M\u00e9xico, M\u00e9xico.<\/strong><\/p>\n\n\n\n<p><strong>Tel\u00e9fono:<\/strong>&nbsp;55 1149 9746<\/p>\n\n\n\n<p><strong>Correo electr\u00f3nico:<\/strong>\u00a0ordenfull@gmail.com<\/p>\n\n\n\n<h2 class=\"wp-block-heading\">\u00bfC\u00f3mo puede acceder o rectificar su informaci\u00f3n personal, o cancelar y\/o objetar sobre el uso que se le da a esta?<\/h2>\n\n\n\n<p>Usted tiene el derecho de acceder, rectificar o cancelar su informaci\u00f3n personal, e incluso a objetar sobre el uso de esta o revocar el consentimiento sobre la manera en que la utilizamos, mand\u00e1ndonos un email a: ordenfull@gmail.com. Su e-mail deber\u00e1 incluir su nombre y su direcci\u00f3n de correo electr\u00f3nico que fue originalmente utilizada cuando nos mand\u00f3 su informaci\u00f3n personal por primera vez.<\/p>\n\n\n\n<p>Atenderemos su petici\u00f3n en un m\u00e1ximo de cinco d\u00edas laborales y responderemos v\u00eda correo electr\u00f3nico con el estatus de su petici\u00f3n.<\/p>\n\n\n\n<h2 class=\"wp-block-heading\">\u00bfC\u00f3mo puede limitar el uso o difusi\u00f3n de su informaci\u00f3n personal?<\/h2>\n\n\n\n<p>Le informamos que sus datos personales pueden ser transferidos a cualquiera de las compa\u00f1\u00edas afiliadas a FULL ORDEN, En este sentido, su informaci\u00f3n puede ser compartida con otros sitios desarrollados por esta compa\u00f1\u00eda, para promocionar los productos y servicios ofrecidos por dicho portal. Si usted no manifestar\u00e1 su oposici\u00f3n al uso y\/o transferencia de su informaci\u00f3n personal, se dar\u00e1 por entendido que su consentimiento se ha otorgado.<\/p>\n\n\n\n<p>Le pedimos de la manera m\u00e1s atenta, no transferir su informaci\u00f3n personal a terceros sin previo consentimiento, con excepci\u00f3n a lo estipulado bajo el Art\u00edculo 37 de la Ley Federal de Protecci\u00f3n de Datos Personales en Posesi\u00f3n de los Particulares (LFPDPPP), para hacer este tipo de transferencia bajo los t\u00e9rminos establecidos por esta ley.<\/p>\n\n\n\n<h2 class=\"wp-block-heading\"><br>\u00bfC\u00f3mo puede revocar su consentimiento sobre el uso de su informaci\u00f3n personal?<\/h2>\n\n\n\n<p>Si desea dejar de recibir cualquier tipo de mensajes promocionales de nuestra parte, puedesolicitarlo mandando un correo electr\u00f3nico a: ordenfull@gmail.com<\/p>\n\n\n\n<h2 class=\"wp-block-heading\">Modificaciones al Aviso de Privacidad<\/h2>\n\n\n\n<p>Nos reservamos el derecho a realizar cualquier modificaci\u00f3n o actualizaci\u00f3n del Aviso de Privacidad actual, con la finalidad de cumplir con la nueva legislaci\u00f3n, p\u00f3lizas internas o nuevos requerimientos para la promoci\u00f3n y ofrecimiento de nuevos productos y servicios.<\/p>\n\n\n\n<p>Cualquier modificaci\u00f3n al Aviso de Privacidad actual, puede ser consultado en: www.fullorden.com<\/p>\n\n\n\n<h2 class=\"wp-block-heading\">Cookies y Web Beacons<\/h2>\n\n\n\n<p>El portal web www.fullorden.com requiere de la habilitaci\u00f3n de cookies en su navegador web para la correcta funcionalidad de este sitio. Cookies son archivos de texto que se descargan autom\u00e1ticamente y se almacenan en la computadora del usuario mientras se navega en un sitio web en particular, permitiendo as\u00ed al servidor de Internet recordar cierta informaci\u00f3n acerca del usuario, incluyendo sus preferencias al ver p\u00e1ginas en este servidor, as\u00ed como los nombres de usuario y contrase\u00f1as.<\/p>\n\n\n\n<p>Mientras que, Web Beacons son im\u00e1genes colocadas en un sitio web o correo electr\u00f3nico, las cuales pueden ser utilizadas para monitorear el comportamiento del usuario, como puede ser el almacenamiento de informaci\u00f3n referente a la direcci\u00f3n IP del usuario, tiempo de interacci\u00f3n en un sitio web en particular y el navegador web que se utiliz\u00f3, entre otras cosas.<\/p>\n\n\n\n<p>Le informamos que utilizamos cookies y web beacons para obtener la siguiente informaci\u00f3n personal:<\/p>\n\n\n\n<ul class=\"wp-block-list\">\n<li><strong>El tipo de navegador web y Sistema Operativo.<\/strong><\/li>\n\n\n\n<li><strong>Los sitios web que visita.<\/strong><\/li>\n\n\n\n<li><strong>Los enlaces que usted sigue.<\/strong><\/li>\n\n\n\n<li><strong>La direcci\u00f3n IP.<\/strong><\/li>\n\n\n\n<li><strong>El sitio web que visit\u00f3 antes al nuestro.<\/strong><\/li>\n<\/ul>\n\n\n\n<p>Desactivar el uso de cookies puede inhabilitar ciertas funciones del portal www.fullorden.com o no permitir que se muestren en la forma que originalmente fueron dise\u00f1ados. En caso de que se prefiera eliminar la informaci\u00f3n mandada por las cookies de www.nuvital.com.mx , puede eliminar estos archivos al final de cada sesi\u00f3n dentro de su navegador. Informaci\u00f3n de inter\u00e9s sobre c\u00f3mo hacer esto puede ser consultada en los sitios principales de cada navegador.<\/p>\n\n\n\n<p><strong>\u00daltima actualizaci\u00f3n:<\/strong> 22\/11\/2023<\/p>\n\t\t\t\t\t\t\t\t<\/div>\n\t\t\t\t<\/div>\n\t\t\t\t\t<\/div>\n\t\t\t\t<\/div>\n\t\t\t\t<\/div>\n\t\t","protected":false},"excerpt":{"rendered":"<p>Este documento presente, sirve como un Aviso de Privacidad para la Ley Federal de Protecci\u00f3n de Datos Personales en Posesi\u00f3n de los Particulares (LFPDPPP) y otras disposiciones emanadas o relacionadas a ella. Este Aviso de Privacidad aplica sobre la informaci\u00f3n personal recopilada por la directriz de FULL ORDEN, y su rol como Entidad Responsable. Confiable para la protecci\u00f3n de su informaci\u00f3n personal A trav\u00e9s de&#8230; <\/p>\n<p class=\"more\"><a class=\"more-link\" href=\"https:\/\/fullorden.com\/index.php\/aviso-de-privacidad\/\">Read More<\/a><\/p>\n","protected":false},"author":1,"featured_media":0,"parent":0,"menu_order":0,"comment_status":"closed","ping_status":"closed","template":"","meta":{"inline_featured_image":false,"_joinchat":[],"footnotes":""},"class_list":["post-3","page","type-page","status-publish","hentry","is-cat-link-borders-light is-cat-link-rounded"],"_links":{"self":[{"href":"https:\/\/fullorden.com\/index.php\/wp-json\/wp\/v2\/pages\/3","targetHints":{"allow":["GET"]}}],"collection":[{"href":"https:\/\/fullorden.com\/index.php\/wp-json\/wp\/v2\/pages"}],"about":[{"href":"https:\/\/fullorden.com\/index.php\/wp-json\/wp\/v2\/types\/page"}],"author":[{"embeddable":true,"href":"https:\/\/fullorden.com\/index.php\/wp-json\/wp\/v2\/users\/1"}],"replies":[{"embeddable":true,"href":"https:\/\/fullorden.com\/index.php\/wp-json\/wp\/v2\/comments?post=3"}],"version-history":[{"count":12,"href":"https:\/\/fullorden.com\/index.php\/wp-json\/wp\/v2\/pages\/3\/revisions"}],"predecessor-version":[{"id":10102,"href":"https:\/\/fullorden.com\/index.php\/wp-json\/wp\/v2\/pages\/3\/revisions\/10102"}],"wp:attachment":[{"href":"https:\/\/fullorden.com\/index.php\/wp-json\/wp\/v2\/media?parent=3"}],"curies":[{"name":"wp","href":"https:\/\/api.w.org\/{rel}","templated":true}]}}